{"id":7,"date":"2020-01-09T20:55:41","date_gmt":"2020-01-09T20:55:41","guid":{"rendered":"https:\/\/reklamapro.pl\/?page_id=7"},"modified":"2020-01-09T20:55:41","modified_gmt":"2020-01-09T20:55:41","slug":"koszyk","status":"publish","type":"page","link":"https:\/\/reklamapro.pl\/?page_id=7","title":{"rendered":"Koszyk"},"content":{"rendered":"<div class=\"woocommerce\"><div class=\"woocommerce-notices-wrapper\"><\/div>\t\t\t<div class=\"cart-empty alert alert_warning\">\n\t\t\t\t<div class=\"alert_icon\"><i class=\"icon-lamp\"><\/i><\/div>\n\t\t\t\t<div class=\"alert_wrapper\">Tw\u00f3j koszyk jest pusty.<\/div>\n\t\t\t\t<a class=\"close\" href=\"#\"><i class=\"icon-cancel\"><\/i><\/a>\n\t\t\t<\/div>\n\t\t\t<p class=\"return-to-shop\">\n\t\t<a class=\"button wc-backward\" href=\"https:\/\/reklamapro.pl\/?page_id=6\">\n\t\t\tWr\u00f3\u0107 do sklepu\t\t<\/a>\n\t<\/p>\n<\/div>\n","protected":false},"excerpt":{"rendered":"Tw\u00f3j koszyk jest pusty. Wr\u00f3\u0107 do sklepu","protected":false},"author":1,"featured_media":0,"parent":0,"menu_order":0,"comment_status":"closed","ping_status":"closed","template":"","meta":{"footnotes":""},"class_list":["post-7","page","type-page","status-publish","hentry"],"jetpack_sharing_enabled":true,"_links":{"self":[{"href":"https:\/\/reklamapro.pl\/index.php?rest_route=\/wp\/v2\/pages\/7","targetHints":{"allow":["GET"]}}],"collection":[{"href":"https:\/\/reklamapro.pl\/index.php?rest_route=\/wp\/v2\/pages"}],"about":[{"href":"https:\/\/reklamapro.pl\/index.php?rest_route=\/wp\/v2\/types\/page"}],"author":[{"embeddable":true,"href":"https:\/\/reklamapro.pl\/index.php?rest_route=\/wp\/v2\/users\/1"}],"replies":[{"embeddable":true,"href":"https:\/\/reklamapro.pl\/index.php?rest_route=%2Fwp%2Fv2%2Fcomments&post=7"}],"version-history":[{"count":0,"href":"https:\/\/reklamapro.pl\/index.php?rest_route=\/wp\/v2\/pages\/7\/revisions"}],"wp:attachment":[{"href":"https:\/\/reklamapro.pl\/index.php?rest_route=%2Fwp%2Fv2%2Fmedia&parent=7"}],"curies":[{"name":"wp","href":"https:\/\/api.w.org\/{rel}","templated":true}]}}